{"id":1627,"date":"2022-09-20T17:03:15","date_gmt":"2022-09-20T17:03:15","guid":{"rendered":"https:\/\/boshibeauty.com\/regardez-le-webinaire-la-beaute-sans-eau-boshi\/"},"modified":"2023-01-06T19:45:10","modified_gmt":"2023-01-06T19:45:10","slug":"regardez-le-webinaire-la-beaute-sans-eau-boshi","status":"publish","type":"page","link":"https:\/\/boshibeauty.com\/fr\/regardez-le-webinaire-la-beaute-sans-eau-boshi\/","title":{"rendered":"Regardez le webinaire&nbsp;: la beaut\u00e9 sans eau B\u014dshi"},"content":{"rendered":"\t\t<div data-elementor-type=\"wp-page\" data-elementor-id=\"1627\" class=\"elementor elementor-1627 elementor-1550\">\n\t\t\t\t\t\t\t\t\t<section class=\"elementor-section elementor-top-section elementor-element elementor-element-a30efa9 elementor-section-boxed elementor-section-height-default elementor-section-height-default\" data-id=\"a30efa9\" data-element_type=\"section\">\n\t\t\t\t\t\t<div class=\"elementor-container elementor-column-gap-default\">\n\t\t\t\t\t<div class=\"elementor-column elementor-col-100 elementor-top-column elementor-element elementor-element-e18736a\" data-id=\"e18736a\" data-element_type=\"column\">\n\t\t\t<div class=\"elementor-widget-wrap elementor-element-populated\">\n\t\t\t\t\t\t\t\t<div class=\"elementor-element elementor-element-dd91e3d elementor-widget elementor-widget-heading\" data-id=\"dd91e3d\" data-element_type=\"widget\" data-widget_type=\"heading.default\">\n\t\t\t\t<div class=\"elementor-widget-container\">\n\t\t\t<style>\/*! elementor - v3.12.1 - 02-04-2023 *\/\n.elementor-heading-title{padding:0;margin:0;line-height:1}.elementor-widget-heading .elementor-heading-title[class*=elementor-size-]>a{color:inherit;font-size:inherit;line-height:inherit}.elementor-widget-heading .elementor-heading-title.elementor-size-small{font-size:15px}.elementor-widget-heading .elementor-heading-title.elementor-size-medium{font-size:19px}.elementor-widget-heading .elementor-heading-title.elementor-size-large{font-size:29px}.elementor-widget-heading .elementor-heading-title.elementor-size-xl{font-size:39px}.elementor-widget-heading .elementor-heading-title.elementor-size-xxl{font-size:59px}<\/style><h2 class=\"elementor-heading-title elementor-size-default\">Regardez le webinaire&nbsp;: la beaut\u00e9 sans eau B\u014dshi<\/h2>\t\t<\/div>\n\t\t\t\t<\/div>\n\t\t\t\t\t<\/div>\n\t\t<\/div>\n\t\t\t\t\t\t\t<\/div>\n\t\t<\/section>\n\t\t\t\t<section class=\"elementor-section elementor-top-section elementor-element elementor-element-1177c97 elementor-section-boxed elementor-section-height-default elementor-section-height-default\" data-id=\"1177c97\" data-element_type=\"section\">\n\t\t\t\t\t\t<div class=\"elementor-container elementor-column-gap-default\">\n\t\t\t\t\t<div class=\"elementor-column elementor-col-100 elementor-top-column elementor-element elementor-element-3c17b8b\" data-id=\"3c17b8b\" data-element_type=\"column\">\n\t\t\t<div class=\"elementor-widget-wrap elementor-element-populated\">\n\t\t\t\t\t\t\t\t<div class=\"elementor-element elementor-element-e600ad8 elementor-widget elementor-widget-video\" data-id=\"e600ad8\" data-element_type=\"widget\" data-settings=\"{&quot;youtube_url&quot;:&quot;https:\\\/\\\/youtu.be\\\/XLi60oMMfYw&quot;,&quot;video_type&quot;:&quot;youtube&quot;,&quot;controls&quot;:&quot;yes&quot;}\" data-widget_type=\"video.default\">\n\t\t\t\t<div class=\"elementor-widget-container\">\n\t\t\t<style>\/*! elementor - v3.12.1 - 02-04-2023 *\/\n.elementor-widget-video .elementor-widget-container{overflow:hidden;transform:translateZ(0)}.elementor-widget-video .elementor-wrapper iframe,.elementor-widget-video .elementor-wrapper video{height:100%;width:100%;display:flex;border:none;background-color:#000}.elementor-widget-video .elementor-open-inline .elementor-custom-embed-image-overlay{position:absolute;top:0;left:0;width:100%;height:100%;background-size:cover;background-position:50%}.elementor-widget-video .elementor-custom-embed-image-overlay{cursor:pointer;text-align:center}.elementor-widget-video .elementor-custom-embed-image-overlay:hover .elementor-custom-embed-play i{opacity:1}.elementor-widget-video .elementor-custom-embed-image-overlay img{display:block;width:100%}.elementor-widget-video .e-hosted-video .elementor-video{-o-object-fit:cover;object-fit:cover}.e-con-inner>.elementor-widget-video,.e-con>.elementor-widget-video{width:var(--container-widget-width);--flex-grow:var(--container-widget-flex-grow)}<\/style>\t\t<div class=\"elementor-wrapper elementor-open-inline\">\n\t\t\t<div class=\"elementor-video\"><\/div>\t\t<\/div>\n\t\t\t\t<\/div>\n\t\t\t\t<\/div>\n\t\t\t\t\t<\/div>\n\t\t<\/div>\n\t\t\t\t\t\t\t<\/div>\n\t\t<\/section>\n\t\t\t\t\t\t\t<\/div>\n\t\t","protected":false},"excerpt":{"rendered":"<p>Regardez le webinaire&nbsp;: la beaut\u00e9 sans eau B\u014dshi<\/p>\n","protected":false},"author":1,"featured_media":0,"parent":0,"menu_order":0,"comment_status":"closed","ping_status":"closed","template":"elementor_header_footer","meta":{"footnotes":""},"class_list":["post-1627","page","type-page","status-publish","hentry"],"acf":[],"yoast_head":"<!-- This site is optimized with the Yoast SEO plugin v20.5 - https:\/\/yoast.com\/wordpress\/plugins\/seo\/ -->\n<title>Regardez le webinaire&nbsp;: la beaut\u00e9 sans eau B\u014dshi - Boshi<\/title>\n<meta name=\"robots\" content=\"index, follow, max-snippet:-1, max-image-preview:large, max-video-preview:-1\" \/>\n<link rel=\"canonical\" href=\"https:\/\/boshibeauty.com\/fr\/regardez-le-webinaire-la-beaute-sans-eau-boshi\/\" \/>\n<meta property=\"og:locale\" content=\"fr_FR\" \/>\n<meta property=\"og:type\" content=\"article\" \/>\n<meta property=\"og:title\" content=\"Regardez le webinaire&nbsp;: la beaut\u00e9 sans eau B\u014dshi - Boshi\" \/>\n<meta property=\"og:description\" content=\"Regardez le webinaire&nbsp;: la beaut\u00e9 sans eau B\u014dshi\" \/>\n<meta property=\"og:url\" content=\"https:\/\/boshibeauty.com\/fr\/regardez-le-webinaire-la-beaute-sans-eau-boshi\/\" \/>\n<meta property=\"og:site_name\" content=\"Boshi\" \/>\n<meta property=\"article:modified_time\" content=\"2023-01-06T19:45:10+00:00\" \/>\n<meta name=\"twitter:card\" content=\"summary_large_image\" \/>\n<script type=\"application\/ld+json\" class=\"yoast-schema-graph\">{\"@context\":\"https:\/\/schema.org\",\"@graph\":[{\"@type\":\"WebPage\",\"@id\":\"https:\/\/boshibeauty.com\/fr\/regardez-le-webinaire-la-beaute-sans-eau-boshi\/\",\"url\":\"https:\/\/boshibeauty.com\/fr\/regardez-le-webinaire-la-beaute-sans-eau-boshi\/\",\"name\":\"Regardez le webinaire&nbsp;: la beaut\u00e9 sans eau B\u014dshi - Boshi\",\"isPartOf\":{\"@id\":\"https:\/\/boshibeauty.com\/es\/#website\"},\"datePublished\":\"2022-09-20T17:03:15+00:00\",\"dateModified\":\"2023-01-06T19:45:10+00:00\",\"breadcrumb\":{\"@id\":\"https:\/\/boshibeauty.com\/fr\/regardez-le-webinaire-la-beaute-sans-eau-boshi\/#breadcrumb\"},\"inLanguage\":\"fr-FR\",\"potentialAction\":[{\"@type\":\"ReadAction\",\"target\":[\"https:\/\/boshibeauty.com\/fr\/regardez-le-webinaire-la-beaute-sans-eau-boshi\/\"]}]},{\"@type\":\"BreadcrumbList\",\"@id\":\"https:\/\/boshibeauty.com\/fr\/regardez-le-webinaire-la-beaute-sans-eau-boshi\/#breadcrumb\",\"itemListElement\":[{\"@type\":\"ListItem\",\"position\":1,\"name\":\"Home\",\"item\":\"https:\/\/boshibeauty.com\/fr\/\"},{\"@type\":\"ListItem\",\"position\":2,\"name\":\"Regardez le webinaire&nbsp;: la beaut\u00e9 sans eau B\u014dshi\"}]},{\"@type\":\"WebSite\",\"@id\":\"https:\/\/boshibeauty.com\/es\/#website\",\"url\":\"https:\/\/boshibeauty.com\/es\/\",\"name\":\"Boshi\",\"description\":\"\",\"potentialAction\":[{\"@type\":\"SearchAction\",\"target\":{\"@type\":\"EntryPoint\",\"urlTemplate\":\"https:\/\/boshibeauty.com\/es\/?s={search_term_string}\"},\"query-input\":\"required name=search_term_string\"}],\"inLanguage\":\"fr-FR\"}]}<\/script>\n<!-- \/ Yoast SEO plugin. -->","yoast_head_json":{"title":"Regardez le webinaire&nbsp;: la beaut\u00e9 sans eau B\u014dshi - Boshi","robots":{"index":"index","follow":"follow","max-snippet":"max-snippet:-1","max-image-preview":"max-image-preview:large","max-video-preview":"max-video-preview:-1"},"canonical":"https:\/\/boshibeauty.com\/fr\/regardez-le-webinaire-la-beaute-sans-eau-boshi\/","og_locale":"fr_FR","og_type":"article","og_title":"Regardez le webinaire&nbsp;: la beaut\u00e9 sans eau B\u014dshi - Boshi","og_description":"Regardez le webinaire&nbsp;: la beaut\u00e9 sans eau B\u014dshi","og_url":"https:\/\/boshibeauty.com\/fr\/regardez-le-webinaire-la-beaute-sans-eau-boshi\/","og_site_name":"Boshi","article_modified_time":"2023-01-06T19:45:10+00:00","twitter_card":"summary_large_image","schema":{"@context":"https:\/\/schema.org","@graph":[{"@type":"WebPage","@id":"https:\/\/boshibeauty.com\/fr\/regardez-le-webinaire-la-beaute-sans-eau-boshi\/","url":"https:\/\/boshibeauty.com\/fr\/regardez-le-webinaire-la-beaute-sans-eau-boshi\/","name":"Regardez le webinaire&nbsp;: la beaut\u00e9 sans eau B\u014dshi - Boshi","isPartOf":{"@id":"https:\/\/boshibeauty.com\/es\/#website"},"datePublished":"2022-09-20T17:03:15+00:00","dateModified":"2023-01-06T19:45:10+00:00","breadcrumb":{"@id":"https:\/\/boshibeauty.com\/fr\/regardez-le-webinaire-la-beaute-sans-eau-boshi\/#breadcrumb"},"inLanguage":"fr-FR","potentialAction":[{"@type":"ReadAction","target":["https:\/\/boshibeauty.com\/fr\/regardez-le-webinaire-la-beaute-sans-eau-boshi\/"]}]},{"@type":"BreadcrumbList","@id":"https:\/\/boshibeauty.com\/fr\/regardez-le-webinaire-la-beaute-sans-eau-boshi\/#breadcrumb","itemListElement":[{"@type":"ListItem","position":1,"name":"Home","item":"https:\/\/boshibeauty.com\/fr\/"},{"@type":"ListItem","position":2,"name":"Regardez le webinaire&nbsp;: la beaut\u00e9 sans eau B\u014dshi"}]},{"@type":"WebSite","@id":"https:\/\/boshibeauty.com\/es\/#website","url":"https:\/\/boshibeauty.com\/es\/","name":"Boshi","description":"","potentialAction":[{"@type":"SearchAction","target":{"@type":"EntryPoint","urlTemplate":"https:\/\/boshibeauty.com\/es\/?s={search_term_string}"},"query-input":"required name=search_term_string"}],"inLanguage":"fr-FR"}]}},"_links":{"self":[{"href":"https:\/\/boshibeauty.com\/fr\/wp-json\/wp\/v2\/pages\/1627","targetHints":{"allow":["GET"]}}],"collection":[{"href":"https:\/\/boshibeauty.com\/fr\/wp-json\/wp\/v2\/pages"}],"about":[{"href":"https:\/\/boshibeauty.com\/fr\/wp-json\/wp\/v2\/types\/page"}],"author":[{"embeddable":true,"href":"https:\/\/boshibeauty.com\/fr\/wp-json\/wp\/v2\/users\/1"}],"replies":[{"embeddable":true,"href":"https:\/\/boshibeauty.com\/fr\/wp-json\/wp\/v2\/comments?post=1627"}],"version-history":[{"count":0,"href":"https:\/\/boshibeauty.com\/fr\/wp-json\/wp\/v2\/pages\/1627\/revisions"}],"wp:attachment":[{"href":"https:\/\/boshibeauty.com\/fr\/wp-json\/wp\/v2\/media?parent=1627"}],"curies":[{"name":"wp","href":"https:\/\/api.w.org\/{rel}","templated":true}]}}